{"id":21,"date":"2015-11-15T14:52:24","date_gmt":"2015-11-15T14:52:24","guid":{"rendered":"http:\/\/ra-cornelius-winkler.ihr-web.de\/wordpress\/?page_id=21"},"modified":"2024-02-21T14:42:54","modified_gmt":"2024-02-21T12:42:54","slug":"anwaltsprofil","status":"publish","type":"page","link":"http:\/\/www.cornelius-winkler.de\/?page_id=21","title":{"rendered":"Anwaltsprofil"},"content":{"rendered":"<p class=\"western\" align=\"justify\"><span style=\"font-family: Arial,sans-serif;\"><span style=\"font-size: small;\">Joachim Cornelius-Winkler hat in Freiburg\/ Breisgau Rechtswissenschaft studiert und 1983 seine Ausbildung mit dem zweiten juristischen Staatsexamen mit Pr\u00e4dikat abgeschlossen. Vor seiner T\u00e4tigkeit als Rechtsanwalt war er langj\u00e4hrig in leitender Stellung in der Versicherungswirtschaft t\u00e4tig, u. a. als Abteilungsdirektor der GENERALI Rechtsschutzversicherung AG. Das Versicherungsrecht stellt zusammen mit dem Haftungs- bzw. Schadensersatzrecht auch den Schwerpunkt seiner anwaltlichen Beratungs- und Vertretungst\u00e4tigkeit dar. Im Bereich der Rechtsschutzversicherung ist Joachim Cornelius-Winkler nach Einsch\u00e4tzung aus Anwaltskreisen und Fachpublikationen der f\u00fchrende anwaltliche Spezialist f\u00fcr Deckungsauseinandersetzungen auf Versicherungsnehmerseite und im ganzen Bundesgebiet beratend und vor Gericht t\u00e4tig. Auch in der Publikumspresse (Capital \u00a0\/ Focus) wird Cornelius-Winkler als einer der Topanw\u00e4lte im Versicherungsrecht aufgef\u00fchrt.<\/span><\/span><\/p>\n<p class=\"western\" align=\"justify\"><span style=\"font-family: Arial,sans-serif;\"><span style=\"font-size: small;\">RA Cornelius-Winkler ist Mitglied des Ausschusses Versicherungsrecht der Bundesrechtsanwaltskammer (BRAK) und des Ausschusses Rechtsschutzversicherung der Rechtsanwaltskammer Berlin.<\/span><\/span><\/p>\n<p class=\"western\" align=\"justify\"><span style=\"font-family: Arial,sans-serif;\"><span style=\"font-size: small;\">Die fachliche Kompetenz von Herrn RA Cornelius- Winkler ist belegt durch umfangreiche <\/span><\/span><span style=\"font-family: Arial,sans-serif;\"><span style=\"font-size: small;\"><u><a href=\"\/?page_id=25\">Ver\u00f6ffentlichungen<\/a><\/u><\/span><\/span><span style=\"font-family: Arial,sans-serif;\"><span style=\"font-size: small;\"> zum Versicherungsrecht und eine Lehr- \/ Dozentent\u00e4tigkeit im Rahmen von Bachelor- und Masterstudieng\u00e4ngen (Universit\u00e4t Hamburg) und Fortbildungen f\u00fcr Rechtsanw\u00e4lte (siehe <\/span><\/span><a href=\"\/?page_id=27\"><span style=\"font-family: Arial,sans-serif;\"><span style=\"font-size: small;\"><u>Seminare<\/u><\/span><\/span><\/a><span style=\"font-family: Arial,sans-serif;\"><span style=\"font-size: small;\">). <\/span><\/span><\/p>\n","protected":false},"excerpt":{"rendered":"<p>Joachim Cornelius-Winkler hat in Freiburg\/ Breisgau Rechtswissenschaft studiert und 1983 seine Ausbildung mit dem zweiten juristischen Staatsexamen mit Pr\u00e4dikat abgeschlossen. Vor seiner T\u00e4tigkeit als Rechtsanwalt war er langj\u00e4hrig in leitender Stellung in der Versicherungswirtschaft t\u00e4tig, u. a. als Abteilungsdirektor der GENERALI Rechtsschutzversicherung AG. Das Versicherungsrecht stellt zusammen mit dem Haftungs- bzw. Schadensersatzrecht auch den Schwerpunkt [&hellip;]<\/p>\n","protected":false},"author":1,"featured_media":0,"parent":0,"menu_order":0,"comment_status":"closed","ping_status":"closed","template":"","meta":[],"_links":{"self":[{"href":"http:\/\/www.cornelius-winkler.de\/index.php?rest_route=\/wp\/v2\/pages\/21"}],"collection":[{"href":"http:\/\/www.cornelius-winkler.de\/index.php?rest_route=\/wp\/v2\/pages"}],"about":[{"href":"http:\/\/www.cornelius-winkler.de\/index.php?rest_route=\/wp\/v2\/types\/page"}],"author":[{"embeddable":true,"href":"http:\/\/www.cornelius-winkler.de\/index.php?rest_route=\/wp\/v2\/users\/1"}],"replies":[{"embeddable":true,"href":"http:\/\/www.cornelius-winkler.de\/index.php?rest_route=%2Fwp%2Fv2%2Fcomments&post=21"}],"version-history":[{"count":12,"href":"http:\/\/www.cornelius-winkler.de\/index.php?rest_route=\/wp\/v2\/pages\/21\/revisions"}],"predecessor-version":[{"id":426,"href":"http:\/\/www.cornelius-winkler.de\/index.php?rest_route=\/wp\/v2\/pages\/21\/revisions\/426"}],"wp:attachment":[{"href":"http:\/\/www.cornelius-winkler.de\/index.php?rest_route=%2Fwp%2Fv2%2Fmedia&parent=21"}],"curies":[{"name":"wp","href":"https:\/\/api.w.org\/{rel}","templated":true}]}}